{"id":628,"date":"2015-10-01T16:43:14","date_gmt":"2015-10-01T19:43:14","guid":{"rendered":"https:\/\/ingabor.com.br\/site\/?post_type=product&#038;p=628"},"modified":"2024-06-24T16:04:03","modified_gmt":"2024-06-24T19:04:03","slug":"vedacao-valvula-borboleta","status":"publish","type":"product","link":"https:\/\/ingabor.com.br\/site\/en\/site\/produto\/vedacao-valvula-borboleta\/","title":{"rendered":"(Portugu\u00eas do Brasil) Veda\u00e7\u00e3o Valvula Borboleta"},"content":{"rendered":null,"protected":false},"excerpt":{"rendered":"<p>Segmento: Pneum\u00e1tico<br \/>\nRefer\u00eancia 52061 = 1\u201d \u2013 \u00d8E: 35mm \u00d8I: 22mm ESP.: 22mm<br \/>\nRef\u00ear\u00eancia 54088 = 1\u201d \u00bd &#8211; \u00d8E: 49mm \u00d8I: 35mm ESP.:  21mm<br \/>\nRef\u00ear\u00eancia 12057 = 2\u201d  &#8211; \u00d8E: 65mm \u00d8I: 49mm ESP.: 23mm<br \/>\nRefer\u00eancia 52064 = 2\u201d \u00bd  &#8211; \u00d8E: 79mm \u00d8I: 63mm ESP.: 23mm<br \/>\nRef\u00ear\u00eancia 12065 = 3\u201d \u2013 \u00d8E: 97mm \u00d8I: 80mm ESP.: 23mm<\/p>\n","protected":false},"featured_media":786,"comment_status":"closed","ping_status":"closed","template":"","meta":[],"product_brand":[],"product_cat":[25],"product_tag":[],"class_list":{"0":"post-628","1":"product","2":"type-product","3":"status-publish","4":"has-post-thumbnail","6":"product_cat-vedacoes-e-aneis-orings","7":"entry","8":"has-media","10":"first","11":"instock","12":"shipping-taxable","13":"product-type-simple"},"_links":{"self":[{"href":"https:\/\/ingabor.com.br\/site\/en\/wp-json\/wp\/v2\/product\/628","targetHints":{"allow":["GET"]}}],"collection":[{"href":"https:\/\/ingabor.com.br\/site\/en\/wp-json\/wp\/v2\/product"}],"about":[{"href":"https:\/\/ingabor.com.br\/site\/en\/wp-json\/wp\/v2\/types\/product"}],"replies":[{"embeddable":true,"href":"https:\/\/ingabor.com.br\/site\/en\/wp-json\/wp\/v2\/comments?post=628"}],"wp:featuredmedia":[{"embeddable":true,"href":"https:\/\/ingabor.com.br\/site\/en\/wp-json\/wp\/v2\/media\/786"}],"wp:attachment":[{"href":"https:\/\/ingabor.com.br\/site\/en\/wp-json\/wp\/v2\/media?parent=628"}],"wp:term":[{"taxonomy":"product_brand","embeddable":true,"href":"https:\/\/ingabor.com.br\/site\/en\/wp-json\/wp\/v2\/product_brand?post=628"},{"taxonomy":"product_cat","embeddable":true,"href":"https:\/\/ingabor.com.br\/site\/en\/wp-json\/wp\/v2\/product_cat?post=628"},{"taxonomy":"product_tag","embeddable":true,"href":"https:\/\/ingabor.com.br\/site\/en\/wp-json\/wp\/v2\/product_tag?post=628"}],"curies":[{"name":"wp","href":"https:\/\/api.w.org\/{rel}","templated":true}]}}