{"id":101,"date":"2015-03-16T14:06:09","date_gmt":"2015-03-16T17:06:09","guid":{"rendered":"https:\/\/ingabor.com.br\/site\/?page_id=101"},"modified":"2025-09-01T11:23:44","modified_gmt":"2025-09-01T14:23:44","slug":"servicos","status":"publish","type":"page","link":"https:\/\/ingabor.com.br\/site\/servicos\/","title":{"rendered":"Servi\u00e7os"},"content":{"rendered":"[vc_row][vc_column width=&#8221;1\/2&#8243;][vc_column_text]Desenvolvimento de pe\u00e7as da concep\u00e7\u00e3o ao produto final mantendo como pol\u00edtica de qualidade desenvolver e consolidar seus produtos e servi\u00e7os com padr\u00e3o de excel\u00eancia atendendo a especifica\u00e7\u00e3o do cliente. Atrav\u00e9s de uma equipe t\u00e9cnica treinada e experiente no ramo, disp\u00f5e de laborat\u00f3rio pr\u00f3prio onde realiza ensaios do in\u00edcio ao fim do processo de fabrica\u00e7\u00e3o utilizando fornecedores qualificados e conv\u00eanios com o Instituto SENAI de Inova\u00e7\u00e3o em Engenharia de Pol\u00edmeros e outros laborat\u00f3rios especializados garantindo a alta qualidade dos produtos e a satisfa\u00e7\u00e3o do cliente.<\/p>\n<p><span style=\"color: #000000;\">Vulcaniza\u00e7\u00e3o de pe\u00e7as por compress\u00e3o e\/ou transfer\u00eancia para as mais diversas aplica\u00e7\u00f5es, sob desenho ou amostra, utilizando diversos elast\u00f4meros.<\/span>[\/vc_column_text][vc_row_inner][vc_column_inner width=&#8221;1\/2&#8243; style=&#8221;default&#8221; bg_style=&#8221;stretch&#8221; padding_left=&#8221;20px&#8221;]<div class=\"vcex-module vcex-bullets vcex-bullets-blue\">\n<ul>\n<li style=\"padding-left: 60px\">Clorada (Neoprene)<\/li>\n<li style=\"padding-left: 60px\">Clorobutilica<\/li>\n<li style=\"padding-left: 60px\">EPDM<\/li>\n<li style=\"padding-left: 60px\">Fluorada (Viton)<\/li>\n<\/ul>\n<\/div>[\/vc_column_inner][vc_column_inner width=&#8221;1\/2&#8243;]<div class=\"vcex-module vcex-bullets vcex-bullets-blue\">\n<ul>\n<li>NR (Natural)<\/li>\n<li>NBR (Nitr\u00edlica)<\/li>\n<li>SBR<\/li>\n<li>Silicone<\/li>\n<\/ul>\n<\/div>[\/vc_column_inner][\/vc_row_inner][\/vc_column][vc_column width=&#8221;1\/2&#8243;]<div class=\"vcex-spacing wpex-w-100 wpex-clear\" style=\"height:50px;\"><\/div><div class=\"vcex-image-grid-wrap wpex-clr\"><div class=\"vcex-module vcex-image-grid grid-style-masonry wpex-row wpex-clr gap-5 vcex-isotope-grid no-transition\" data-transition-duration=\"0.0\"><div class=\"id-308 vcex-image-grid-entry vcex-grid-item vcex-isotope-entry textcenter span_1_of_2 col  wpb_animate_when_almost_visible wpb_right-to-left right-to-left col-1\"><figure class=\"vcex-image-grid-entry-figure wpex-last-mb-0 wpex-clr\"><div class=\"vcex-image-grid-entry-img entry-media hvr hvr-shadow wpex-mb-20\"><img data-no-lazy=\"1\" class=\"wpex-align-middle skip-lazy\" src=\"https:\/\/ingabor.com.br\/site\/wp-content\/uploads\/2015\/03\/servicos-1-235x175.jpg\" alt=\"\" width=\"235\" height=\"175\"><\/div><\/figure><\/div><div class=\"id-309 vcex-image-grid-entry vcex-grid-item vcex-isotope-entry textcenter span_1_of_2 col  wpb_animate_when_almost_visible wpb_right-to-left right-to-left col-2\"><figure class=\"vcex-image-grid-entry-figure wpex-last-mb-0 wpex-clr\"><div class=\"vcex-image-grid-entry-img entry-media hvr hvr-shadow wpex-mb-20\"><img data-no-lazy=\"1\" class=\"wpex-align-middle skip-lazy\" src=\"https:\/\/ingabor.com.br\/site\/wp-content\/uploads\/2015\/03\/servicos-2-235x175.jpg\" alt=\"\" srcset=\"https:\/\/ingabor.com.br\/site\/wp-content\/uploads\/2015\/03\/servicos-2-235x175.jpg 235w, https:\/\/ingabor.com.br\/site\/wp-content\/uploads\/2015\/03\/servicos-2-300x225.jpg 300w, https:\/\/ingabor.com.br\/site\/wp-content\/uploads\/2015\/03\/servicos-2.jpg 339w\" width=\"235\" height=\"175\"><\/div><\/figure><\/div><div class=\"id-446 vcex-image-grid-entry vcex-grid-item vcex-isotope-entry textcenter span_1_of_2 col  wpb_animate_when_almost_visible wpb_right-to-left right-to-left col-1\"><figure class=\"vcex-image-grid-entry-figure wpex-last-mb-0 wpex-clr\"><div class=\"vcex-image-grid-entry-img entry-media hvr hvr-shadow wpex-mb-20\"><img data-no-lazy=\"1\" class=\"wpex-align-middle skip-lazy\" src=\"https:\/\/ingabor.com.br\/site\/wp-content\/uploads\/2015\/03\/nova-235x175.jpg\" alt=\"\" srcset=\"https:\/\/ingabor.com.br\/site\/wp-content\/uploads\/2015\/03\/nova-235x175.jpg 235w, https:\/\/ingabor.com.br\/site\/wp-content\/uploads\/2015\/03\/nova-300x225.jpg 300w, https:\/\/ingabor.com.br\/site\/wp-content\/uploads\/2015\/03\/nova.jpg 525w\" width=\"235\" height=\"175\"><\/div><\/figure><\/div><div class=\"id-311 vcex-image-grid-entry vcex-grid-item vcex-isotope-entry textcenter span_1_of_2 col  wpb_animate_when_almost_visible wpb_right-to-left right-to-left col-2\"><figure class=\"vcex-image-grid-entry-figure wpex-last-mb-0 wpex-clr\"><div class=\"vcex-image-grid-entry-img entry-media hvr hvr-shadow wpex-mb-20\"><img data-no-lazy=\"1\" class=\"wpex-align-middle skip-lazy\" src=\"https:\/\/ingabor.com.br\/site\/wp-content\/uploads\/2015\/03\/servicos-4-235x175.jpg\" alt=\"\" width=\"235\" height=\"175\"><\/div><\/figure><\/div><\/div><\/div>[\/vc_column][\/vc_row]","protected":false},"excerpt":{"rendered":"<p>[vc_row][vc_column width=&#8221;1\/2&#8243;][vc_column_text]Desenvolvimento de pe\u00e7as da concep\u00e7\u00e3o ao produto final mantendo como pol\u00edtica de qualidade desenvolver e consolidar seus produtos e servi\u00e7os com padr\u00e3o de excel\u00eancia atendendo a especifica\u00e7\u00e3o do cliente. Atrav\u00e9s de uma equipe t\u00e9cnica treinada e experiente no ramo, disp\u00f5e de laborat\u00f3rio pr\u00f3prio onde realiza ensaios do in\u00edcio ao fim do processo de fabrica\u00e7\u00e3o&hellip;<\/p>\n","protected":false},"author":1,"featured_media":0,"parent":0,"menu_order":0,"comment_status":"closed","ping_status":"closed","template":"","meta":{"footnotes":""},"class_list":["post-101","page","type-page","status-publish","hentry","entry","no-media"],"_links":{"self":[{"href":"https:\/\/ingabor.com.br\/site\/wp-json\/wp\/v2\/pages\/101","targetHints":{"allow":["GET"]}}],"collection":[{"href":"https:\/\/ingabor.com.br\/site\/wp-json\/wp\/v2\/pages"}],"about":[{"href":"https:\/\/ingabor.com.br\/site\/wp-json\/wp\/v2\/types\/page"}],"author":[{"embeddable":true,"href":"https:\/\/ingabor.com.br\/site\/wp-json\/wp\/v2\/users\/1"}],"replies":[{"embeddable":true,"href":"https:\/\/ingabor.com.br\/site\/wp-json\/wp\/v2\/comments?post=101"}],"version-history":[{"count":7,"href":"https:\/\/ingabor.com.br\/site\/wp-json\/wp\/v2\/pages\/101\/revisions"}],"predecessor-version":[{"id":4598,"href":"https:\/\/ingabor.com.br\/site\/wp-json\/wp\/v2\/pages\/101\/revisions\/4598"}],"wp:attachment":[{"href":"https:\/\/ingabor.com.br\/site\/wp-json\/wp\/v2\/media?parent=101"}],"curies":[{"name":"wp","href":"https:\/\/api.w.org\/{rel}","templated":true}]}}