{"id":382,"date":"2015-08-06T19:09:08","date_gmt":"2015-08-06T22:09:08","guid":{"rendered":"https:\/\/ingabor.com.br\/site\/?post_type=product&#038;p=382"},"modified":"2015-08-13T15:04:39","modified_gmt":"2015-08-13T18:04:39","slug":"referencia-11012","status":"publish","type":"product","link":"https:\/\/ingabor.com.br\/site\/site\/produto\/referencia-11012\/","title":{"rendered":"Refer\u00eancia: 11012"},"content":{"rendered":null,"protected":false},"excerpt":{"rendered":"<p>Categoria: Passa Fio<br \/>\nSegmento: Energia e Metal Mec\u00e2nico<br \/>\nDimens\u00f5es: \u00d8E: 14mm \u00d8I: 7mm ESP.: 8mm<br \/>\nFuro da Chapa:  \u00d8 9 x 1,0mm<\/p>\n","protected":false},"featured_media":413,"comment_status":"closed","ping_status":"closed","template":"","meta":[],"product_brand":[],"product_cat":[24],"product_tag":[20,17],"class_list":{"0":"post-382","1":"product","2":"type-product","3":"status-publish","4":"has-post-thumbnail","6":"product_cat-passa-fio","7":"product_tag-energia","8":"product_tag-metal-mecanico","9":"entry","10":"has-media","12":"first","13":"instock","14":"shipping-taxable","15":"product-type-simple"},"_links":{"self":[{"href":"https:\/\/ingabor.com.br\/site\/wp-json\/wp\/v2\/product\/382","targetHints":{"allow":["GET"]}}],"collection":[{"href":"https:\/\/ingabor.com.br\/site\/wp-json\/wp\/v2\/product"}],"about":[{"href":"https:\/\/ingabor.com.br\/site\/wp-json\/wp\/v2\/types\/product"}],"replies":[{"embeddable":true,"href":"https:\/\/ingabor.com.br\/site\/wp-json\/wp\/v2\/comments?post=382"}],"wp:featuredmedia":[{"embeddable":true,"href":"https:\/\/ingabor.com.br\/site\/wp-json\/wp\/v2\/media\/413"}],"wp:attachment":[{"href":"https:\/\/ingabor.com.br\/site\/wp-json\/wp\/v2\/media?parent=382"}],"wp:term":[{"taxonomy":"product_brand","embeddable":true,"href":"https:\/\/ingabor.com.br\/site\/wp-json\/wp\/v2\/product_brand?post=382"},{"taxonomy":"product_cat","embeddable":true,"href":"https:\/\/ingabor.com.br\/site\/wp-json\/wp\/v2\/product_cat?post=382"},{"taxonomy":"product_tag","embeddable":true,"href":"https:\/\/ingabor.com.br\/site\/wp-json\/wp\/v2\/product_tag?post=382"}],"curies":[{"name":"wp","href":"https:\/\/api.w.org\/{rel}","templated":true}]}}