{"id":498,"date":"2015-08-26T16:47:25","date_gmt":"2015-08-26T19:47:25","guid":{"rendered":"https:\/\/ingabor.com.br\/site\/?post_type=product&#038;p=498"},"modified":"2015-08-31T18:35:16","modified_gmt":"2015-08-31T21:35:16","slug":"referencia-11919","status":"publish","type":"product","link":"https:\/\/ingabor.com.br\/site\/site\/produto\/referencia-11919\/","title":{"rendered":"Refer\u00eancia: 11919"},"content":{"rendered":null,"protected":false},"excerpt":{"rendered":"<p>Categoria:\u00a0Junta para Transformador &#8211; Obliqua<br \/>\nSegmento: Energia <br \/>\nDimens\u00f5es: \u00d8E: 31mm x 24mm \u00d8I: 10mm ESP.: 4,5mm<\/p>\n","protected":false},"featured_media":499,"comment_status":"closed","ping_status":"closed","template":"","meta":[],"product_brand":[],"product_cat":[26],"product_tag":[20],"class_list":{"0":"post-498","1":"product","2":"type-product","3":"status-publish","4":"has-post-thumbnail","6":"product_cat-junta-para-transformadores","7":"product_tag-energia","8":"entry","9":"has-media","11":"first","12":"instock","13":"shipping-taxable","14":"product-type-simple"},"_links":{"self":[{"href":"https:\/\/ingabor.com.br\/site\/wp-json\/wp\/v2\/product\/498","targetHints":{"allow":["GET"]}}],"collection":[{"href":"https:\/\/ingabor.com.br\/site\/wp-json\/wp\/v2\/product"}],"about":[{"href":"https:\/\/ingabor.com.br\/site\/wp-json\/wp\/v2\/types\/product"}],"replies":[{"embeddable":true,"href":"https:\/\/ingabor.com.br\/site\/wp-json\/wp\/v2\/comments?post=498"}],"wp:featuredmedia":[{"embeddable":true,"href":"https:\/\/ingabor.com.br\/site\/wp-json\/wp\/v2\/media\/499"}],"wp:attachment":[{"href":"https:\/\/ingabor.com.br\/site\/wp-json\/wp\/v2\/media?parent=498"}],"wp:term":[{"taxonomy":"product_brand","embeddable":true,"href":"https:\/\/ingabor.com.br\/site\/wp-json\/wp\/v2\/product_brand?post=498"},{"taxonomy":"product_cat","embeddable":true,"href":"https:\/\/ingabor.com.br\/site\/wp-json\/wp\/v2\/product_cat?post=498"},{"taxonomy":"product_tag","embeddable":true,"href":"https:\/\/ingabor.com.br\/site\/wp-json\/wp\/v2\/product_tag?post=498"}],"curies":[{"name":"wp","href":"https:\/\/api.w.org\/{rel}","templated":true}]}}