{"id":524,"date":"2015-08-26T17:47:13","date_gmt":"2015-08-26T20:47:13","guid":{"rendered":"https:\/\/ingabor.com.br\/site\/?post_type=product&#038;p=524"},"modified":"2015-08-31T15:42:40","modified_gmt":"2015-08-31T18:42:40","slug":"referencia-10995","status":"publish","type":"product","link":"https:\/\/ingabor.com.br\/site\/site\/produto\/referencia-10995\/","title":{"rendered":"Refer\u00eancia: 10995"},"content":{"rendered":null,"protected":false},"excerpt":{"rendered":"<p>Categoria:\u00a0Veda\u00e7\u00e3o Superior do Ar &#8211; Borracha Viton<br \/>\nSegmento: H\u00eddrico\/M\u00e1quina de Bebidas<br \/>\nDimens\u00f5es: \u00d8E: 13,8mm ESP.: 3,8mm total  ESP.: \u00d8I 2,0mm<\/p>\n","protected":false},"featured_media":525,"comment_status":"closed","ping_status":"closed","template":"","meta":[],"product_brand":[],"product_cat":[25],"product_tag":[22],"class_list":{"0":"post-524","1":"product","2":"type-product","3":"status-publish","4":"has-post-thumbnail","6":"product_cat-vedacoes-e-aneis-orings","7":"product_tag-hidrico","8":"entry","9":"has-media","11":"first","12":"instock","13":"shipping-taxable","14":"product-type-simple"},"_links":{"self":[{"href":"https:\/\/ingabor.com.br\/site\/wp-json\/wp\/v2\/product\/524","targetHints":{"allow":["GET"]}}],"collection":[{"href":"https:\/\/ingabor.com.br\/site\/wp-json\/wp\/v2\/product"}],"about":[{"href":"https:\/\/ingabor.com.br\/site\/wp-json\/wp\/v2\/types\/product"}],"replies":[{"embeddable":true,"href":"https:\/\/ingabor.com.br\/site\/wp-json\/wp\/v2\/comments?post=524"}],"wp:featuredmedia":[{"embeddable":true,"href":"https:\/\/ingabor.com.br\/site\/wp-json\/wp\/v2\/media\/525"}],"wp:attachment":[{"href":"https:\/\/ingabor.com.br\/site\/wp-json\/wp\/v2\/media?parent=524"}],"wp:term":[{"taxonomy":"product_brand","embeddable":true,"href":"https:\/\/ingabor.com.br\/site\/wp-json\/wp\/v2\/product_brand?post=524"},{"taxonomy":"product_cat","embeddable":true,"href":"https:\/\/ingabor.com.br\/site\/wp-json\/wp\/v2\/product_cat?post=524"},{"taxonomy":"product_tag","embeddable":true,"href":"https:\/\/ingabor.com.br\/site\/wp-json\/wp\/v2\/product_tag?post=524"}],"curies":[{"name":"wp","href":"https:\/\/api.w.org\/{rel}","templated":true}]}}