{"id":526,"date":"2015-08-26T17:48:16","date_gmt":"2015-08-26T20:48:16","guid":{"rendered":"https:\/\/ingabor.com.br\/site\/?post_type=product&#038;p=526"},"modified":"2015-08-31T15:42:21","modified_gmt":"2015-08-31T18:42:21","slug":"referencia-51364","status":"publish","type":"product","link":"https:\/\/ingabor.com.br\/site\/site\/produto\/referencia-51364\/","title":{"rendered":"Refer\u00eancia: 51364"},"content":{"rendered":null,"protected":false},"excerpt":{"rendered":"<p>Categoria:\u00a0Veda\u00e7\u00e3o Vasilhame &#8211; Borracha EPDM<br \/>\nSegmento: H\u00eddrico\/M\u00e1quina de Bebidas<br \/>\nDimens\u00f5es: \u00d8E: 35,0mm \u00d8I: 16,0mm ESP.: 24,0mm total ESP.: da aba 6,0mm<\/p>\n","protected":false},"featured_media":527,"comment_status":"closed","ping_status":"closed","template":"","meta":[],"product_brand":[],"product_cat":[25],"product_tag":[22],"class_list":{"0":"post-526","1":"product","2":"type-product","3":"status-publish","4":"has-post-thumbnail","6":"product_cat-vedacoes-e-aneis-orings","7":"product_tag-hidrico","8":"entry","9":"has-media","11":"first","12":"instock","13":"shipping-taxable","14":"product-type-simple"},"_links":{"self":[{"href":"https:\/\/ingabor.com.br\/site\/wp-json\/wp\/v2\/product\/526","targetHints":{"allow":["GET"]}}],"collection":[{"href":"https:\/\/ingabor.com.br\/site\/wp-json\/wp\/v2\/product"}],"about":[{"href":"https:\/\/ingabor.com.br\/site\/wp-json\/wp\/v2\/types\/product"}],"replies":[{"embeddable":true,"href":"https:\/\/ingabor.com.br\/site\/wp-json\/wp\/v2\/comments?post=526"}],"wp:featuredmedia":[{"embeddable":true,"href":"https:\/\/ingabor.com.br\/site\/wp-json\/wp\/v2\/media\/527"}],"wp:attachment":[{"href":"https:\/\/ingabor.com.br\/site\/wp-json\/wp\/v2\/media?parent=526"}],"wp:term":[{"taxonomy":"product_brand","embeddable":true,"href":"https:\/\/ingabor.com.br\/site\/wp-json\/wp\/v2\/product_brand?post=526"},{"taxonomy":"product_cat","embeddable":true,"href":"https:\/\/ingabor.com.br\/site\/wp-json\/wp\/v2\/product_cat?post=526"},{"taxonomy":"product_tag","embeddable":true,"href":"https:\/\/ingabor.com.br\/site\/wp-json\/wp\/v2\/product_tag?post=526"}],"curies":[{"name":"wp","href":"https:\/\/api.w.org\/{rel}","templated":true}]}}