{"id":562,"date":"2015-09-19T19:25:50","date_gmt":"2015-09-19T22:25:50","guid":{"rendered":"https:\/\/ingabor.com.br\/site\/?post_type=product&#038;p=562"},"modified":"2015-09-19T19:25:50","modified_gmt":"2015-09-19T22:25:50","slug":"raspador","status":"publish","type":"product","link":"https:\/\/ingabor.com.br\/site\/site\/produto\/raspador\/","title":{"rendered":"Raspador"},"content":{"rendered":null,"protected":false},"excerpt":{"rendered":"<p>Segmento: Metal Mec\u00e2nico\/H\u00eddrico\/Pneum\u00e1tico<br \/>\nRefer\u00eancia: 21532 &#8211; Dimens\u00f5es:  \u00d810mm \u00d8E: 15,5 \u00d8I: 10,5mm ESP.: 4,3mm<br \/>\nRefer\u00eancia: 21799 &#8211; Dimens\u00f5es:  \u00d8 \u215d \u00d8E: 22mm \u00d8I: 16mm ESP.: 4,0mm<br \/>\nRefer\u00eancia: 21800 &#8211; Dimens\u00f5es: \u00d8 1&#8243; \u00d8E: 31,5mm \u00d8I: 25,4mm ESP.: 4,0mm<br \/>\nRefer\u00eancia: 11568 &#8211; Dimens\u00f5es: \u00d8 1 \u00be \u00d8E: 56mm \u00d8I: 45mm ESP.: 6,0mm<br \/>\nRefer\u00eancia: 21571 &#8211; Dimens\u00f5es: \u00d8 3 \u00bc \u00d8E: 45mm \u00d8I: 35mm ESP.: 6,0mm<\/p>\n","protected":false},"featured_media":552,"comment_status":"closed","ping_status":"closed","template":"","meta":[],"product_brand":[],"product_cat":[27],"product_tag":[22,17],"class_list":{"0":"post-562","1":"product","2":"type-product","3":"status-publish","4":"has-post-thumbnail","6":"product_cat-arruelas-e-gaxetas","7":"product_tag-hidrico","8":"product_tag-metal-mecanico","9":"entry","10":"has-media","12":"first","13":"instock","14":"shipping-taxable","15":"product-type-simple"},"_links":{"self":[{"href":"https:\/\/ingabor.com.br\/site\/wp-json\/wp\/v2\/product\/562","targetHints":{"allow":["GET"]}}],"collection":[{"href":"https:\/\/ingabor.com.br\/site\/wp-json\/wp\/v2\/product"}],"about":[{"href":"https:\/\/ingabor.com.br\/site\/wp-json\/wp\/v2\/types\/product"}],"replies":[{"embeddable":true,"href":"https:\/\/ingabor.com.br\/site\/wp-json\/wp\/v2\/comments?post=562"}],"wp:featuredmedia":[{"embeddable":true,"href":"https:\/\/ingabor.com.br\/site\/wp-json\/wp\/v2\/media\/552"}],"wp:attachment":[{"href":"https:\/\/ingabor.com.br\/site\/wp-json\/wp\/v2\/media?parent=562"}],"wp:term":[{"taxonomy":"product_brand","embeddable":true,"href":"https:\/\/ingabor.com.br\/site\/wp-json\/wp\/v2\/product_brand?post=562"},{"taxonomy":"product_cat","embeddable":true,"href":"https:\/\/ingabor.com.br\/site\/wp-json\/wp\/v2\/product_cat?post=562"},{"taxonomy":"product_tag","embeddable":true,"href":"https:\/\/ingabor.com.br\/site\/wp-json\/wp\/v2\/product_tag?post=562"}],"curies":[{"name":"wp","href":"https:\/\/api.w.org\/{rel}","templated":true}]}}