{"id":588,"date":"2015-10-01T13:58:18","date_gmt":"2015-10-01T16:58:18","guid":{"rendered":"https:\/\/ingabor.com.br\/site\/?post_type=product&#038;p=588"},"modified":"2015-10-01T13:58:18","modified_gmt":"2015-10-01T16:58:18","slug":"tampao-p-furo-10mm","status":"publish","type":"product","link":"https:\/\/ingabor.com.br\/site\/site\/produto\/tampao-p-furo-10mm\/","title":{"rendered":"Tamp\u00e3o p\/ Furo 10mm"},"content":{"rendered":null,"protected":false},"excerpt":{"rendered":"<p>Segmento: Climatiza\u00e7\u00e3o\/Metal Mec\u00e2nico\/El\u00e9trico<br \/>\nRefer\u00eancia: 50625<br \/>\nDimens\u00f5es: Dimens\u00f5es: \u00d8E: 18mm \u00d8I: 5mm  ESP.: 5,5mm<\/p>\n","protected":false},"featured_media":589,"comment_status":"closed","ping_status":"closed","template":"","meta":[],"product_brand":[],"product_cat":[28],"product_tag":[],"class_list":{"0":"post-588","1":"product","2":"type-product","3":"status-publish","4":"has-post-thumbnail","6":"product_cat-ventosas-e-tampoes","7":"entry","8":"has-media","10":"first","11":"instock","12":"shipping-taxable","13":"product-type-simple"},"_links":{"self":[{"href":"https:\/\/ingabor.com.br\/site\/wp-json\/wp\/v2\/product\/588","targetHints":{"allow":["GET"]}}],"collection":[{"href":"https:\/\/ingabor.com.br\/site\/wp-json\/wp\/v2\/product"}],"about":[{"href":"https:\/\/ingabor.com.br\/site\/wp-json\/wp\/v2\/types\/product"}],"replies":[{"embeddable":true,"href":"https:\/\/ingabor.com.br\/site\/wp-json\/wp\/v2\/comments?post=588"}],"wp:featuredmedia":[{"embeddable":true,"href":"https:\/\/ingabor.com.br\/site\/wp-json\/wp\/v2\/media\/589"}],"wp:attachment":[{"href":"https:\/\/ingabor.com.br\/site\/wp-json\/wp\/v2\/media?parent=588"}],"wp:term":[{"taxonomy":"product_brand","embeddable":true,"href":"https:\/\/ingabor.com.br\/site\/wp-json\/wp\/v2\/product_brand?post=588"},{"taxonomy":"product_cat","embeddable":true,"href":"https:\/\/ingabor.com.br\/site\/wp-json\/wp\/v2\/product_cat?post=588"},{"taxonomy":"product_tag","embeddable":true,"href":"https:\/\/ingabor.com.br\/site\/wp-json\/wp\/v2\/product_tag?post=588"}],"curies":[{"name":"wp","href":"https:\/\/api.w.org\/{rel}","templated":true}]}}